{"id":58,"date":"2017-09-15T15:28:05","date_gmt":"2017-09-15T13:28:05","guid":{"rendered":"http:\/\/f4hfk.info\/?page_id=58"},"modified":"2019-08-27T20:22:11","modified_gmt":"2019-08-27T18:22:11","slug":"base-de-temps-10-mhz-gps","status":"publish","type":"page","link":"https:\/\/f4hfk.info\/index.php\/base-de-temps-10-mhz-gps\/","title":{"rendered":"Base de temps 10 MHz GPS"},"content":{"rendered":"<p>Souhaitant avoir une peu de pr\u00e9cision dans mes mesures de fr\u00e9quences, j&#8217;ai fouill\u00e9 sur le web et en ai d\u00e9duit qu&#8217;il fallait avoir une base de temps pilot\u00e9 par un \u00e9l\u00e9ment pr\u00e9cis exterieur.<\/p>\n<p>En natif je dispose d&#8217;un fr\u00e9quencem\u00e8tre racal dana dont je ne connais pas la justesse de mesure.<\/p>\n<p>J&#8217;ai aussi un g\u00e9n\u00e9rateur Marconi 2.4Ghz et un analyseur de spectre R&amp;S. Lors de la g\u00e9n\u00e9ration de 10 MHz sur le g\u00e9n\u00e9rateur mesur\u00e9e par l&#8217;analyseur de spectre, j&#8217;obtiens 10 000 006 Hz donc, qui dit vrai ???<\/p>\n<p>Alors d\u00e9cision fut prise \u00e0 ce moment de r\u00e9aliser une base de temps 10 MHz GPS disciplined<\/p>\n<p>je me suis inspir\u00e9 de la r\u00e9alisation de IK0OTG<\/p>\n<p><a href=\"http:\/\/www.ik0otg.net\/index.php?option=com_content&amp;view=article&amp;id=53&amp;Itemid=59&amp;lang=en\" target=\"_blank\" rel=\"noopener noreferrer\">http:\/\/www.ik0otg.net\/index.php?option=com_content&amp;view=article&amp;id=53&amp;Itemid=59&amp;lang=en<\/a><\/p>\n<p>Le principe et de mesurer le nombre d&#8217;alternance sur une p\u00e9riode de 20 secondes (soit pr\u00e9cision 0.05 Hz) et d&#8217;ajuster le rapport cyclique d&#8217;une sortie digitale redress\u00e9e donnant donc une tension continue variable avec ce rapport cyclique.<\/p>\n<p>Pour ma part les \u00e9l\u00e9ments en ma possession \u00e0 cet instant sont :<\/p>\n<p>une t\u00eate GPS avec antenne r\u00e9cup\u00e9r\u00e9e sur un boitier de g\u00e9oloc HS cot\u00e9 GSM.<\/p>\n<p>Ci-dessous la plaque de test pour faire fonctionner ce module GPS Trimble<\/p>\n<p><img loading=\"lazy\" decoding=\"async\" class=\"alignnone size-medium wp-image-59\" src=\"http:\/\/f4hfk.info\/wp-content\/uploads\/2017\/09\/Plaque-test_tete_GPS_Trimble_Lassen-300x247.jpg\" alt=\"\" width=\"300\" height=\"247\" srcset=\"https:\/\/f4hfk.info\/wp-content\/uploads\/2017\/09\/Plaque-test_tete_GPS_Trimble_Lassen-300x247.jpg 300w, https:\/\/f4hfk.info\/wp-content\/uploads\/2017\/09\/Plaque-test_tete_GPS_Trimble_Lassen-768x632.jpg 768w, https:\/\/f4hfk.info\/wp-content\/uploads\/2017\/09\/Plaque-test_tete_GPS_Trimble_Lassen.jpg 787w\" sizes=\"auto, (max-width: 300px) 100vw, 300px\" \/><\/p>\n<p>un OCXO (Thermostat\u00e9 et r\u00e9glable par une tension de contr\u00f4le) Trimble high precision Oscillator OCXO 65256 10Mhz +12V<\/p>\n<p><img loading=\"lazy\" decoding=\"async\" class=\"alignnone size-medium wp-image-60\" src=\"http:\/\/f4hfk.info\/wp-content\/uploads\/2017\/09\/Trimble_65256_OCXO-300x226.jpg\" alt=\"\" width=\"300\" height=\"226\" \/><\/p>\n<p>Restait \u00e0 r\u00e9aliser les trois plaques : plaque GPS, plaque OCXO et plaque Microcontr\u00f4leur (\u00e0 base de PIC 16F684).<\/p>\n","protected":false},"excerpt":{"rendered":"<p>Souhaitant avoir une peu de pr\u00e9cision dans mes mesures de fr\u00e9quences, j&#8217;ai fouill\u00e9 sur le web et en ai d\u00e9duit qu&#8217;il fallait avoir une base de temps pilot\u00e9 par un \u00e9l\u00e9ment pr\u00e9cis exterieur. En natif je dispose d&#8217;un fr\u00e9quencem\u00e8tre racal dana dont je ne connais pas la justesse de mesure. J&#8217;ai aussi un g\u00e9n\u00e9rateur Marconi [&hellip;]<\/p>\n","protected":false},"author":1,"featured_media":0,"parent":0,"menu_order":0,"comment_status":"closed","ping_status":"closed","template":"","meta":{"footnotes":""},"class_list":["post-58","page","type-page","status-publish","hentry","post"],"_links":{"self":[{"href":"https:\/\/f4hfk.info\/index.php\/wp-json\/wp\/v2\/pages\/58","targetHints":{"allow":["GET"]}}],"collection":[{"href":"https:\/\/f4hfk.info\/index.php\/wp-json\/wp\/v2\/pages"}],"about":[{"href":"https:\/\/f4hfk.info\/index.php\/wp-json\/wp\/v2\/types\/page"}],"author":[{"embeddable":true,"href":"https:\/\/f4hfk.info\/index.php\/wp-json\/wp\/v2\/users\/1"}],"replies":[{"embeddable":true,"href":"https:\/\/f4hfk.info\/index.php\/wp-json\/wp\/v2\/comments?post=58"}],"version-history":[{"count":5,"href":"https:\/\/f4hfk.info\/index.php\/wp-json\/wp\/v2\/pages\/58\/revisions"}],"predecessor-version":[{"id":137,"href":"https:\/\/f4hfk.info\/index.php\/wp-json\/wp\/v2\/pages\/58\/revisions\/137"}],"wp:attachment":[{"href":"https:\/\/f4hfk.info\/index.php\/wp-json\/wp\/v2\/media?parent=58"}],"curies":[{"name":"wp","href":"https:\/\/api.w.org\/{rel}","templated":true}]}}