{"id":275,"date":"2026-04-17T08:56:59","date_gmt":"2026-04-17T06:56:59","guid":{"rendered":"https:\/\/f4hfk.info\/?page_id=275"},"modified":"2026-04-17T10:13:01","modified_gmt":"2026-04-17T08:13:01","slug":"changement-encodeur-rotatif-rit-unit-ic-7300","status":"publish","type":"page","link":"https:\/\/f4hfk.info\/index.php\/changement-encodeur-rotatif-rit-unit-ic-7300\/","title":{"rendered":"Changement Encodeur Rotatif RIT Unit IC-7300"},"content":{"rendered":"\n<figure class=\"wp-block-image size-full\"><img loading=\"lazy\" decoding=\"async\" width=\"842\" height=\"421\" src=\"https:\/\/f4hfk.info\/wp-content\/uploads\/2026\/04\/photo_IC-7300_btn_Multi.jpg\" alt=\"\" class=\"wp-image-284\" srcset=\"https:\/\/f4hfk.info\/wp-content\/uploads\/2026\/04\/photo_IC-7300_btn_Multi.jpg 842w, https:\/\/f4hfk.info\/wp-content\/uploads\/2026\/04\/photo_IC-7300_btn_Multi-300x150.jpg 300w, https:\/\/f4hfk.info\/wp-content\/uploads\/2026\/04\/photo_IC-7300_btn_Multi-768x384.jpg 768w\" sizes=\"auto, (max-width: 842px) 100vw, 842px\" \/><\/figure>\n\n\n\n<p>Quand vous commencez \u00e0 voir que les mont\u00e9es et descentes de ce bouton ne correspondent plus \u00e0 vos attentes, il est temps de le changer.<\/p>\n\n\n\n<p>Enlever le bouton plastique (axe cylindrique avec m\u00e9plat)<\/p>\n\n\n\n<figure class=\"wp-block-image size-full\"><img loading=\"lazy\" decoding=\"async\" width=\"673\" height=\"285\" src=\"https:\/\/f4hfk.info\/wp-content\/uploads\/2026\/04\/photo1.jpg\" alt=\"\" class=\"wp-image-288\" srcset=\"https:\/\/f4hfk.info\/wp-content\/uploads\/2026\/04\/photo1.jpg 673w, https:\/\/f4hfk.info\/wp-content\/uploads\/2026\/04\/photo1-300x127.jpg 300w\" sizes=\"auto, (max-width: 673px) 100vw, 673px\" \/><\/figure>\n\n\n\n<p>Vous devez maintenant enlever toutes les vis des deux capots car il est n\u00e9cessaire d&#8217;enlever la fa\u00e7ade pour acc\u00e9der \u00e0 la petite plaque qui supporte cet encodeur.<\/p>\n\n\n\n<p>Lorsque les deux capots sont \u00f4t\u00e9s, il faut enlever les quatre vis de la fa\u00e7ade.<\/p>\n\n\n\n<p>Ensuite il faut d\u00e9brancher les deux nappes en premier et la prise de la fa\u00e7ade. <\/p>\n\n\n\n<figure class=\"wp-block-image size-full\"><img loading=\"lazy\" decoding=\"async\" width=\"1020\" height=\"539\" src=\"https:\/\/f4hfk.info\/wp-content\/uploads\/2026\/04\/3_cables_a_debrancher_facade.jpg\" alt=\"\" class=\"wp-image-289\" srcset=\"https:\/\/f4hfk.info\/wp-content\/uploads\/2026\/04\/3_cables_a_debrancher_facade.jpg 1020w, https:\/\/f4hfk.info\/wp-content\/uploads\/2026\/04\/3_cables_a_debrancher_facade-300x159.jpg 300w, https:\/\/f4hfk.info\/wp-content\/uploads\/2026\/04\/3_cables_a_debrancher_facade-768x406.jpg 768w\" sizes=\"auto, (max-width: 1020px) 100vw, 1020px\" \/><\/figure>\n\n\n\n<p>Lorsque la fa\u00e7ade est isol\u00e9e, il faut d\u00e9visser l&#8217;\u00e9crou du bouton. (voir photo plus haut). <\/p>\n\n\n\n<p>Lorsque le bouton est libre, enlever la petite nappe (c\u00f4t\u00e9 bouton) qui le relie au PCB de l&#8217;afficheur.<\/p>\n\n\n\n<figure class=\"wp-block-image size-full\"><img loading=\"lazy\" decoding=\"async\" width=\"612\" height=\"362\" src=\"https:\/\/f4hfk.info\/wp-content\/uploads\/2026\/04\/photo2b.jpg\" alt=\"\" class=\"wp-image-290\" srcset=\"https:\/\/f4hfk.info\/wp-content\/uploads\/2026\/04\/photo2b.jpg 612w, https:\/\/f4hfk.info\/wp-content\/uploads\/2026\/04\/photo2b-300x177.jpg 300w\" sizes=\"auto, (max-width: 612px) 100vw, 612px\" \/><\/figure>\n\n\n\n<p>Maintenant op\u00e9ration &#8220;d\u00e9ssoudage&#8221;.<\/p>\n\n\n\n<p>J&#8217;utilise une station de d\u00e9ssoudage RS. ( je ne touche rien de RS \ud83d\ude42 Je la trouve pratique \u00e0 utiliser.<\/p>\n\n\n\n<figure class=\"wp-block-image size-full\"><img loading=\"lazy\" decoding=\"async\" width=\"612\" height=\"662\" src=\"https:\/\/f4hfk.info\/wp-content\/uploads\/2026\/04\/photo_station_dessoudage.jpg\" alt=\"\" class=\"wp-image-291\" srcset=\"https:\/\/f4hfk.info\/wp-content\/uploads\/2026\/04\/photo_station_dessoudage.jpg 612w, https:\/\/f4hfk.info\/wp-content\/uploads\/2026\/04\/photo_station_dessoudage-277x300.jpg 277w\" sizes=\"auto, (max-width: 612px) 100vw, 612px\" \/><\/figure>\n\n\n\n<figure class=\"wp-block-image size-full\"><img loading=\"lazy\" decoding=\"async\" width=\"504\" height=\"189\" src=\"https:\/\/f4hfk.info\/wp-content\/uploads\/2026\/04\/pistolet_dessoudage.jpg\" alt=\"\" class=\"wp-image-292\" srcset=\"https:\/\/f4hfk.info\/wp-content\/uploads\/2026\/04\/pistolet_dessoudage.jpg 504w, https:\/\/f4hfk.info\/wp-content\/uploads\/2026\/04\/pistolet_dessoudage-300x113.jpg 300w\" sizes=\"auto, (max-width: 504px) 100vw, 504px\" \/><\/figure>\n\n\n\n<p>Petite pr\u00e9cision : les pattes du composant sont au m\u00eame diam\u00e8tre que les trous d&#8217;implantation du PCB. Cela veut dire qu&#8217;il faut batailler un peu pour l&#8217;enlever car il reste toujours un peu de soudure entre la patte et le trou.<\/p>\n\n\n\n<figure class=\"wp-block-image size-full\"><img loading=\"lazy\" decoding=\"async\" width=\"473\" height=\"220\" src=\"https:\/\/f4hfk.info\/wp-content\/uploads\/2026\/04\/soudure_recalcitrante.jpg\" alt=\"\" class=\"wp-image-294\" srcset=\"https:\/\/f4hfk.info\/wp-content\/uploads\/2026\/04\/soudure_recalcitrante.jpg 473w, https:\/\/f4hfk.info\/wp-content\/uploads\/2026\/04\/soudure_recalcitrante-300x140.jpg 300w\" sizes=\"auto, (max-width: 473px) 100vw, 473px\" \/><\/figure>\n\n\n\n<p>Malgr\u00e9 cela, on le sort sans rien n&#8217;abimer.<\/p>\n\n\n\n<figure class=\"wp-block-image size-full\"><img loading=\"lazy\" decoding=\"async\" width=\"580\" height=\"340\" src=\"https:\/\/f4hfk.info\/wp-content\/uploads\/2026\/04\/encodeur_dessoude.jpg\" alt=\"\" class=\"wp-image-296\" srcset=\"https:\/\/f4hfk.info\/wp-content\/uploads\/2026\/04\/encodeur_dessoude.jpg 580w, https:\/\/f4hfk.info\/wp-content\/uploads\/2026\/04\/encodeur_dessoude-300x176.jpg 300w\" sizes=\"auto, (max-width: 580px) 100vw, 580px\" \/><\/figure>\n\n\n\n<figure class=\"wp-block-image size-full\"><img loading=\"lazy\" decoding=\"async\" width=\"922\" height=\"351\" src=\"https:\/\/f4hfk.info\/wp-content\/uploads\/2026\/04\/old_new_encoder_ic-300.jpg\" alt=\"\" class=\"wp-image-297\" srcset=\"https:\/\/f4hfk.info\/wp-content\/uploads\/2026\/04\/old_new_encoder_ic-300.jpg 922w, https:\/\/f4hfk.info\/wp-content\/uploads\/2026\/04\/old_new_encoder_ic-300-300x114.jpg 300w, https:\/\/f4hfk.info\/wp-content\/uploads\/2026\/04\/old_new_encoder_ic-300-768x292.jpg 768w\" sizes=\"auto, (max-width: 922px) 100vw, 922px\" \/><\/figure>\n\n\n\n<p>Reste \u00e0 ressouder le nouvel encodeur et \u00e0 tout remonter.<\/p>\n\n\n\n<figure class=\"wp-block-image size-full\"><img loading=\"lazy\" decoding=\"async\" width=\"582\" height=\"532\" src=\"https:\/\/f4hfk.info\/wp-content\/uploads\/2026\/04\/new_welded.jpg\" alt=\"\" class=\"wp-image-298\" srcset=\"https:\/\/f4hfk.info\/wp-content\/uploads\/2026\/04\/new_welded.jpg 582w, https:\/\/f4hfk.info\/wp-content\/uploads\/2026\/04\/new_welded-300x274.jpg 300w\" sizes=\"auto, (max-width: 582px) 100vw, 582px\" \/><\/figure>\n\n\n\n<figure class=\"wp-block-image size-full\"><img loading=\"lazy\" decoding=\"async\" width=\"447\" height=\"839\" src=\"https:\/\/f4hfk.info\/wp-content\/uploads\/2026\/04\/new_welded2.jpg\" alt=\"\" class=\"wp-image-300\" srcset=\"https:\/\/f4hfk.info\/wp-content\/uploads\/2026\/04\/new_welded2.jpg 447w, https:\/\/f4hfk.info\/wp-content\/uploads\/2026\/04\/new_welded2-160x300.jpg 160w\" sizes=\"auto, (max-width: 447px) 100vw, 447px\" \/><\/figure>\n\n\n\n<p>Voil\u00e0 je ne vous mets pas les photos du remontage&#8230; <\/p>\n\n\n\n<p>Pour l&#8217;approvisionnement de ce bouton, le r\u00e9f\u00e9rence est la suivante :<\/p>\n\n\n\n<p>TP90N00AE20-14.5F-3765A<\/p>\n\n\n\n<p>j&#8217;ai r\u00e9ussi \u00e0 en avoir un par Ebay boutique de SDTAREA.it <\/p>\n\n\n\n<figure class=\"wp-block-image size-large\"><img loading=\"lazy\" decoding=\"async\" width=\"1024\" height=\"522\" src=\"https:\/\/f4hfk.info\/wp-content\/uploads\/2026\/04\/reference_encoder-1024x522.jpg\" alt=\"\" class=\"wp-image-306\" srcset=\"https:\/\/f4hfk.info\/wp-content\/uploads\/2026\/04\/reference_encoder-1024x522.jpg 1024w, https:\/\/f4hfk.info\/wp-content\/uploads\/2026\/04\/reference_encoder-300x153.jpg 300w, https:\/\/f4hfk.info\/wp-content\/uploads\/2026\/04\/reference_encoder-768x392.jpg 768w, https:\/\/f4hfk.info\/wp-content\/uploads\/2026\/04\/reference_encoder.jpg 1216w\" sizes=\"auto, (max-width: 1024px) 100vw, 1024px\" \/><\/figure>\n\n\n\n<p>Vous voyez rupture de stock&#8230; Oui j&#8217;ai pris le dernier chez eux !!!<\/p>\n\n\n\n<p>Enjoy !<\/p>\n","protected":false},"excerpt":{"rendered":"<p>Quand vous commencez \u00e0 voir que les mont\u00e9es et descentes de ce bouton ne correspondent plus \u00e0 vos attentes, il est temps de le changer. Enlever le bouton plastique (axe cylindrique avec m\u00e9plat) Vous devez maintenant enlever toutes les vis des deux capots car il est n\u00e9cessaire d&#8217;enlever la fa\u00e7ade pour acc\u00e9der \u00e0 la petite [&hellip;]<\/p>\n","protected":false},"author":1,"featured_media":0,"parent":0,"menu_order":0,"comment_status":"closed","ping_status":"closed","template":"","meta":{"footnotes":""},"class_list":["post-275","page","type-page","status-publish","hentry","post"],"_links":{"self":[{"href":"https:\/\/f4hfk.info\/index.php\/wp-json\/wp\/v2\/pages\/275","targetHints":{"allow":["GET"]}}],"collection":[{"href":"https:\/\/f4hfk.info\/index.php\/wp-json\/wp\/v2\/pages"}],"about":[{"href":"https:\/\/f4hfk.info\/index.php\/wp-json\/wp\/v2\/types\/page"}],"author":[{"embeddable":true,"href":"https:\/\/f4hfk.info\/index.php\/wp-json\/wp\/v2\/users\/1"}],"replies":[{"embeddable":true,"href":"https:\/\/f4hfk.info\/index.php\/wp-json\/wp\/v2\/comments?post=275"}],"version-history":[{"count":8,"href":"https:\/\/f4hfk.info\/index.php\/wp-json\/wp\/v2\/pages\/275\/revisions"}],"predecessor-version":[{"id":307,"href":"https:\/\/f4hfk.info\/index.php\/wp-json\/wp\/v2\/pages\/275\/revisions\/307"}],"wp:attachment":[{"href":"https:\/\/f4hfk.info\/index.php\/wp-json\/wp\/v2\/media?parent=275"}],"curies":[{"name":"wp","href":"https:\/\/api.w.org\/{rel}","templated":true}]}}