{"id":242,"date":"2026-03-18T09:53:21","date_gmt":"2026-03-18T08:53:21","guid":{"rendered":"https:\/\/f4hfk.info\/?page_id=242"},"modified":"2026-03-18T18:11:09","modified_gmt":"2026-03-18T17:11:09","slug":"changement-batterie-sur-icom-ic-7300","status":"publish","type":"page","link":"https:\/\/f4hfk.info\/index.php\/changement-batterie-sur-icom-ic-7300\/","title":{"rendered":"Changement Batterie sur ICOM IC-7300"},"content":{"rendered":"\n<figure class=\"wp-block-image size-full\"><img loading=\"lazy\" decoding=\"async\" width=\"425\" height=\"191\" src=\"https:\/\/f4hfk.info\/wp-content\/uploads\/2026\/03\/ic7300-1.png\" alt=\"\" class=\"wp-image-244\" srcset=\"https:\/\/f4hfk.info\/wp-content\/uploads\/2026\/03\/ic7300-1.png 425w, https:\/\/f4hfk.info\/wp-content\/uploads\/2026\/03\/ic7300-1-300x135.png 300w\" sizes=\"auto, (max-width: 425px) 100vw, 425px\" \/><\/figure>\n\n\n\n<p>A chaque fois que vous red\u00e9marrez votre poste il vous indique 00:00.<\/p>\n\n\n\n<p>Signe que la batterie interne de 3v mod\u00e8le ML414H assurant seulement une capacit\u00e9 de 1mA\/h ne tient plus la charge et qu&#8217;il faut maintenant la changer.<\/p>\n\n\n\n<p>Plusieurs solutions&#8230;<\/p>\n\n\n\n<ul class=\"wp-block-list\">\n<li>Remettre la m\u00eame. Pas certain que le fait de r\u00e9-ouvrir le poste et de re dessouder encore la batterie ne d\u00e9t\u00e9riore pas le circuit. Donc \u00e0 \u00e9viter selon moi.<\/li>\n\n\n\n<li>Solution \u00e0 privil\u00e9gier : Souder deux fils (rouge et noir) depuis le PCB du poste afin d&#8217;\u00e9viter la prochaine fois d&#8217;abimer le PCB et y connecter soit une batterie \u00e0 souder, soit un boitier externe contenant une batterie. Si vous souhaitez y mettre une pile CR2032 en lieu et place d&#8217;une batterie, n&#8217;oubliez pas d&#8217;y ins\u00e9rer une diode (Schottky de 0.15 volt id\u00e9alement) en s\u00e9rie pour ne pas la recharger.<\/li>\n<\/ul>\n\n\n\n<figure class=\"wp-block-image size-full\"><img loading=\"lazy\" decoding=\"async\" width=\"425\" height=\"461\" src=\"https:\/\/f4hfk.info\/wp-content\/uploads\/2026\/03\/schema_pile_diode.png\" alt=\"\" class=\"wp-image-269\" srcset=\"https:\/\/f4hfk.info\/wp-content\/uploads\/2026\/03\/schema_pile_diode.png 425w, https:\/\/f4hfk.info\/wp-content\/uploads\/2026\/03\/schema_pile_diode-277x300.png 277w\" sizes=\"auto, (max-width: 425px) 100vw, 425px\" \/><\/figure>\n\n\n\n<p>Choix de la nouvelle batterie.<\/p>\n\n\n\n<p>Je voulais quelque chose de standard en format. Donc je suis parti sur le format 2032.<\/p>\n\n\n\n<p>J&#8217;ai trouv\u00e9 donc des supports en 2032 avec fils (rouge et noir) et des batteries ML2032 donc rechargeable pour ma part.<\/p>\n\n\n\n<figure class=\"wp-block-image size-full\"><img loading=\"lazy\" decoding=\"async\" width=\"589\" height=\"198\" src=\"https:\/\/f4hfk.info\/wp-content\/uploads\/2026\/03\/battery_ML2032.png\" alt=\"\" class=\"wp-image-250\" srcset=\"https:\/\/f4hfk.info\/wp-content\/uploads\/2026\/03\/battery_ML2032.png 589w, https:\/\/f4hfk.info\/wp-content\/uploads\/2026\/03\/battery_ML2032-300x101.png 300w\" sizes=\"auto, (max-width: 589px) 100vw, 589px\" \/><\/figure>\n\n\n\n<figure class=\"wp-block-image size-full\"><img loading=\"lazy\" decoding=\"async\" width=\"425\" height=\"368\" src=\"https:\/\/f4hfk.info\/wp-content\/uploads\/2026\/03\/support_pile_2032.png\" alt=\"\" class=\"wp-image-251\" srcset=\"https:\/\/f4hfk.info\/wp-content\/uploads\/2026\/03\/support_pile_2032.png 425w, https:\/\/f4hfk.info\/wp-content\/uploads\/2026\/03\/support_pile_2032-300x260.png 300w\" sizes=\"auto, (max-width: 425px) 100vw, 425px\" \/><\/figure>\n\n\n\n<p>J&#8217;ai souhait\u00e9 sortir le support \u00e0 l&#8217;arri\u00e8re du poste pour faciliter le changement. J&#8217;ai donc du changer les c\u00e2bles d&#8217;origine un peu courts. Heureusement, le mod\u00e8le command\u00e9 disposait de deux vis, ce qui a permis d&#8217;ouvrir et changer les c\u00e2bles sans probl\u00e8me.<\/p>\n\n\n\n<p>Arrive maintenant le plus d\u00e9licat&#8230; Dessouder la batterie d&#8217;origine.<\/p>\n\n\n\n<p>Fer \u00e0 380 \u00b0C. Et par alternance sur les deux broches on arrive \u00e0 \u00f4ter la batterie. 380 \u00b0C pourrait \u00eatre un peu juste pousser \u00e0 400 \u00b0C. <\/p>\n\n\n\n<figure class=\"wp-block-image size-full\"><img loading=\"lazy\" decoding=\"async\" width=\"425\" height=\"404\" src=\"https:\/\/f4hfk.info\/wp-content\/uploads\/2026\/03\/battery_otee.jpg\" alt=\"\" class=\"wp-image-252\" srcset=\"https:\/\/f4hfk.info\/wp-content\/uploads\/2026\/03\/battery_otee.jpg 425w, https:\/\/f4hfk.info\/wp-content\/uploads\/2026\/03\/battery_otee-300x285.jpg 300w\" sizes=\"auto, (max-width: 425px) 100vw, 425px\" \/><\/figure>\n\n\n\n<figure class=\"wp-block-image size-full\"><img loading=\"lazy\" decoding=\"async\" width=\"567\" height=\"391\" src=\"https:\/\/f4hfk.info\/wp-content\/uploads\/2026\/03\/fils_soudes.png\" alt=\"\" class=\"wp-image-253\" srcset=\"https:\/\/f4hfk.info\/wp-content\/uploads\/2026\/03\/fils_soudes.png 567w, https:\/\/f4hfk.info\/wp-content\/uploads\/2026\/03\/fils_soudes-300x207.png 300w\" sizes=\"auto, (max-width: 567px) 100vw, 567px\" \/><\/figure>\n\n\n\n<p>Avant de souder les fils, s\u00e9curisez le parcours des fils \u00e0 l&#8217;int\u00e9rieur et attachez les par exemple avec les deux fils rouge et noir du ventilateur arri\u00e8re pour \u00e9viter tous risques de mouvement.<\/p>\n\n\n\n<p>Bonne r\u00e9alisation de votre c\u00f4t\u00e9, si vous entreprenez cette petite op\u00e9ration.<\/p>\n\n\n\n<p>Autre lien en anglais d&#8217;un remplacement de la batterie d&#8217;origine par une ML1220 : <\/p>\n\n\n\n<p><a href=\"https:\/\/radio.muppix.net\/2025\/04\/icom-ic-7300-battery-replacement\/\">https:\/\/radio.muppix.net\/2025\/04\/icom-ic-7300-battery-replacement\/<\/a><\/p>\n\n\n\n<p>encore un lien : <a href=\"https:\/\/harbeck.dk\/ham-radio-oz2xh\/icom-ic-7300-mods\/ic-7300-battery-change\/\">https:\/\/harbeck.dk\/ham-radio-oz2xh\/icom-ic-7300-mods\/ic-7300-battery-change\/<\/a><\/p>\n\n\n\n<p><\/p>\n","protected":false},"excerpt":{"rendered":"<p>A chaque fois que vous red\u00e9marrez votre poste il vous indique 00:00. Signe que la batterie interne de 3v mod\u00e8le ML414H assurant seulement une capacit\u00e9 de 1mA\/h ne tient plus la charge et qu&#8217;il faut maintenant la changer. Plusieurs solutions&#8230; Choix de la nouvelle batterie. Je voulais quelque chose de standard en format. Donc je [&hellip;]<\/p>\n","protected":false},"author":1,"featured_media":0,"parent":0,"menu_order":0,"comment_status":"closed","ping_status":"closed","template":"","meta":{"footnotes":""},"class_list":["post-242","page","type-page","status-publish","hentry","post"],"_links":{"self":[{"href":"https:\/\/f4hfk.info\/index.php\/wp-json\/wp\/v2\/pages\/242","targetHints":{"allow":["GET"]}}],"collection":[{"href":"https:\/\/f4hfk.info\/index.php\/wp-json\/wp\/v2\/pages"}],"about":[{"href":"https:\/\/f4hfk.info\/index.php\/wp-json\/wp\/v2\/types\/page"}],"author":[{"embeddable":true,"href":"https:\/\/f4hfk.info\/index.php\/wp-json\/wp\/v2\/users\/1"}],"replies":[{"embeddable":true,"href":"https:\/\/f4hfk.info\/index.php\/wp-json\/wp\/v2\/comments?post=242"}],"version-history":[{"count":12,"href":"https:\/\/f4hfk.info\/index.php\/wp-json\/wp\/v2\/pages\/242\/revisions"}],"predecessor-version":[{"id":273,"href":"https:\/\/f4hfk.info\/index.php\/wp-json\/wp\/v2\/pages\/242\/revisions\/273"}],"wp:attachment":[{"href":"https:\/\/f4hfk.info\/index.php\/wp-json\/wp\/v2\/media?parent=242"}],"curies":[{"name":"wp","href":"https:\/\/api.w.org\/{rel}","templated":true}]}}