{"id":158,"date":"2022-04-01T15:25:26","date_gmt":"2022-04-01T13:25:26","guid":{"rendered":"https:\/\/f4hfk.info\/?page_id=158"},"modified":"2026-03-18T12:09:07","modified_gmt":"2026-03-18T11:09:07","slug":"liens","status":"publish","type":"page","link":"https:\/\/f4hfk.info\/index.php\/liens\/","title":{"rendered":"Liens"},"content":{"rendered":"\n<p>Quelques liens ci-dessous :<\/p>\n\n\n\n<p>1 ) Liens commerciaux<\/p>\n\n\n\n<p><a href=\"https:\/\/rf-market.fr\/\" target=\"_blank\" rel=\"noreferrer noopener\">https:\/\/rf-market.fr\/<\/a><\/p>\n\n\n\n<p><a href=\"https:\/\/www.passion-radio.fr\/\">h<\/a><a href=\"https:\/\/www.passion-radio.fr\/\" target=\"_blank\" rel=\"noreferrer noopener\">ttps:\/\/www.passion-radio.fr\/<\/a><\/p>\n\n\n\n<p><\/p>\n\n\n\n<p><\/p>\n\n\n\n<p><\/p>\n\n\n\n<p>2 ) Liens vers Radio-Clubs<\/p>\n\n\n\n<p><a rel=\"noreferrer noopener\" href=\"http:\/\/f6kcz.free.fr\" target=\"_blank\">F6KCZ Radio-Club de Caen Calvados<\/a> Radio-club auquel j&#8217;adh\u00e8re.<\/p>\n\n\n\n<p><a href=\"https:\/\/f6kgl-f5kff.fr\/radioamateur\/\" data-type=\"URL\" data-id=\"https:\/\/f6kgl-f5kff.fr\/radioamateur\/\" target=\"_blank\" rel=\"noreferrer noopener\">Radio-Club F6KGL-F5KFF <\/a> Radioamateur, c&#8217;est quoi? Vous pourrez sur ce site r\u00e9cup\u00e9rer la &#8220;bible&#8221; pour passer la licence ou pour se remettre \u00e0 niveau \ud83d\ude42 mais aussi des tas d&#8217;autres choses.<\/p>\n\n\n\n<p><\/p>\n","protected":false},"excerpt":{"rendered":"<p>Quelques liens ci-dessous : 1 ) Liens commerciaux https:\/\/rf-market.fr\/ https:\/\/www.passion-radio.fr\/ 2 ) Liens vers Radio-Clubs F6KCZ Radio-Club de Caen Calvados Radio-club auquel j&#8217;adh\u00e8re. Radio-Club F6KGL-F5KFF Radioamateur, c&#8217;est quoi? Vous pourrez sur ce site r\u00e9cup\u00e9rer la &#8220;bible&#8221; pour passer la licence ou pour se remettre \u00e0 niveau \ud83d\ude42 mais aussi des tas d&#8217;autres choses.<\/p>\n","protected":false},"author":1,"featured_media":0,"parent":0,"menu_order":0,"comment_status":"closed","ping_status":"closed","template":"","meta":{"footnotes":""},"class_list":["post-158","page","type-page","status-publish","hentry","post"],"_links":{"self":[{"href":"https:\/\/f4hfk.info\/index.php\/wp-json\/wp\/v2\/pages\/158","targetHints":{"allow":["GET"]}}],"collection":[{"href":"https:\/\/f4hfk.info\/index.php\/wp-json\/wp\/v2\/pages"}],"about":[{"href":"https:\/\/f4hfk.info\/index.php\/wp-json\/wp\/v2\/types\/page"}],"author":[{"embeddable":true,"href":"https:\/\/f4hfk.info\/index.php\/wp-json\/wp\/v2\/users\/1"}],"replies":[{"embeddable":true,"href":"https:\/\/f4hfk.info\/index.php\/wp-json\/wp\/v2\/comments?post=158"}],"version-history":[{"count":15,"href":"https:\/\/f4hfk.info\/index.php\/wp-json\/wp\/v2\/pages\/158\/revisions"}],"predecessor-version":[{"id":261,"href":"https:\/\/f4hfk.info\/index.php\/wp-json\/wp\/v2\/pages\/158\/revisions\/261"}],"wp:attachment":[{"href":"https:\/\/f4hfk.info\/index.php\/wp-json\/wp\/v2\/media?parent=158"}],"curies":[{"name":"wp","href":"https:\/\/api.w.org\/{rel}","templated":true}]}}