{"id":144,"date":"2022-02-15T20:16:30","date_gmt":"2022-02-15T19:16:30","guid":{"rendered":"https:\/\/f4hfk.info\/?page_id=144"},"modified":"2022-04-01T16:11:22","modified_gmt":"2022-04-01T14:11:22","slug":"projet-lmr-sdr","status":"publish","type":"page","link":"https:\/\/f4hfk.info\/index.php\/projet-lmr-sdr\/","title":{"rendered":"Projet LMR-SDR"},"content":{"rendered":"\n<p>Je me lance dans la r\u00e9alisation d&#8217;un LMR-SDR en ce d\u00e9but d&#8217;ann\u00e9e 2022.<\/p>\n\n\n\n<p>Il s&#8217;agit comme tous postes SDR d&#8217;un transceiver pilot\u00e9 par Ordinateur.<\/p>\n\n\n\n<p>Je me suis promen\u00e9 sur quelques sites avant de prendre la d\u00e9cision du LMR-SDR. Les sites suivants sont \u00e0 \u00e9tudier pour quiconque se lance dans la m\u00eame aventure.<\/p>\n\n\n\n<p>Site de F5NPV  <a href=\"https:\/\/f5npv.wordpress.com\/homebrew-sdr-trx\/\" target=\"_blank\" rel=\"noreferrer noopener\">https:\/\/f5npv.wordpress.com\/homebrew-sdr-trx\/<\/a><\/p>\n\n\n\n<p>Site de YE3CIF <a href=\"https:\/\/www.ye3cif.com\/lmr-sdr-transceiver-10-160-meter-band\/\" target=\"_blank\" rel=\"noreferrer noopener\">https:\/\/www.ye3cif.com\/lmr-sdr-transceiver-10-160-meter-band\/<\/a><\/p>\n\n\n\n<p>Sur ce lien de site de YE3CIF je vous am\u00e8ne directement sur la version V1.1 . Je vous laisse d\u00e9couvrir les autres versions et les autres montages de cet OM.<\/p>\n\n\n\n<figure class=\"wp-block-image size-large\"><img loading=\"lazy\" decoding=\"async\" width=\"1024\" height=\"994\" src=\"https:\/\/f4hfk.info\/wp-content\/uploads\/2022\/02\/photo_pcb_full-1024x994.jpg\" alt=\"PCB V1.1\" class=\"wp-image-153\" srcset=\"https:\/\/f4hfk.info\/wp-content\/uploads\/2022\/02\/photo_pcb_full-1024x994.jpg 1024w, https:\/\/f4hfk.info\/wp-content\/uploads\/2022\/02\/photo_pcb_full-300x291.jpg 300w, https:\/\/f4hfk.info\/wp-content\/uploads\/2022\/02\/photo_pcb_full-768x746.jpg 768w, https:\/\/f4hfk.info\/wp-content\/uploads\/2022\/02\/photo_pcb_full.jpg 1063w\" sizes=\"auto, (max-width: 1024px) 100vw, 1024px\" \/><figcaption>PCB V1.1 Arduino<\/figcaption><\/figure>\n\n\n\n<p>Concernant cette r\u00e9alisation le composant le plus sensible est le Si5351A \u00e0 souder dessous. Ce composant dispose de 10 pattes mais tr\u00e8s serr\u00e9es. (Boitier 10-MSOP).<\/p>\n\n\n\n<p>Attention a bien souder les 5 relais de bandes car ils sont mont\u00e9s en s\u00e9rie pour la HF \ud83d\ude42 Et oui je me suis fait avoir. Donc forc\u00e9ment on a l&#8217;impression que \u00e7a ne fonctionne pas. Et pour cause sans antenne, la radio c&#8217;est pas g\u00e9niale.<\/p>\n\n\n\n<figure class=\"wp-block-image size-full\"><img loading=\"lazy\" decoding=\"async\" width=\"709\" height=\"826\" src=\"https:\/\/f4hfk.info\/wp-content\/uploads\/2022\/04\/Relais_5bandes.png\" alt=\"\" class=\"wp-image-187\" srcset=\"https:\/\/f4hfk.info\/wp-content\/uploads\/2022\/04\/Relais_5bandes.png 709w, https:\/\/f4hfk.info\/wp-content\/uploads\/2022\/04\/Relais_5bandes-258x300.png 258w\" sizes=\"auto, (max-width: 709px) 100vw, 709px\" \/><\/figure>\n\n\n\n<p> Donc \u00e9videmment on commence par les composants les moins hauts (diodes, r\u00e9sistances \u2026) et ainsi de suite\u2026 Pas de difficult\u00e9s particuli\u00e8res, si ce n\u2019est les condensateurs c\u00e9ramiques au pas de 1 pouce que l\u2019on n\u2019a pas forc\u00e9ment en stock. Bien s\u00fbr si vous redessinez le pcb, vous le ferez en fonction de vos composants. (Les pattes pli\u00e9es d\u2019un 2 pouces pour le loger dans du 1 pouce ce n\u2019est pas super esth\u00e9tique !).<\/p>\n\n\n\n<p><\/p>\n","protected":false},"excerpt":{"rendered":"<p>Je me lance dans la r\u00e9alisation d&#8217;un LMR-SDR en ce d\u00e9but d&#8217;ann\u00e9e 2022. Il s&#8217;agit comme tous postes SDR d&#8217;un transceiver pilot\u00e9 par Ordinateur. Je me suis promen\u00e9 sur quelques sites avant de prendre la d\u00e9cision du LMR-SDR. Les sites suivants sont \u00e0 \u00e9tudier pour quiconque se lance dans la m\u00eame aventure. Site de F5NPV [&hellip;]<\/p>\n","protected":false},"author":1,"featured_media":0,"parent":0,"menu_order":0,"comment_status":"closed","ping_status":"closed","template":"","meta":{"footnotes":""},"class_list":["post-144","page","type-page","status-publish","hentry","post"],"_links":{"self":[{"href":"https:\/\/f4hfk.info\/index.php\/wp-json\/wp\/v2\/pages\/144","targetHints":{"allow":["GET"]}}],"collection":[{"href":"https:\/\/f4hfk.info\/index.php\/wp-json\/wp\/v2\/pages"}],"about":[{"href":"https:\/\/f4hfk.info\/index.php\/wp-json\/wp\/v2\/types\/page"}],"author":[{"embeddable":true,"href":"https:\/\/f4hfk.info\/index.php\/wp-json\/wp\/v2\/users\/1"}],"replies":[{"embeddable":true,"href":"https:\/\/f4hfk.info\/index.php\/wp-json\/wp\/v2\/comments?post=144"}],"version-history":[{"count":13,"href":"https:\/\/f4hfk.info\/index.php\/wp-json\/wp\/v2\/pages\/144\/revisions"}],"predecessor-version":[{"id":194,"href":"https:\/\/f4hfk.info\/index.php\/wp-json\/wp\/v2\/pages\/144\/revisions\/194"}],"wp:attachment":[{"href":"https:\/\/f4hfk.info\/index.php\/wp-json\/wp\/v2\/media?parent=144"}],"curies":[{"name":"wp","href":"https:\/\/api.w.org\/{rel}","templated":true}]}}